{"id":2554,"date":"2022-05-31T16:35:59","date_gmt":"2022-05-31T21:35:59","guid":{"rendered":"https:\/\/xolovino.com\/?post_type=product&#038;p=2554"},"modified":"2025-01-27T11:24:41","modified_gmt":"2025-01-27T17:24:41","slug":"xolo-sauvignon-blanc","status":"publish","type":"product","link":"https:\/\/xolovino.com\/en\/product\/xolo-sauvignon-blanc\/","title":{"rendered":"XOLO Sauvignon Blanc"},"content":{"rendered":"<p><a style=\"color: #a79575;\" href=\"https:\/\/xolovino.com\/wp-content\/uploads\/2022\/06\/FTWE_sauvblanc.pdf\" target=\"_blank\" rel=\"noopener\"><img decoding=\"async\" class=\"alignnone wp-image-2695 alignleft\" style=\"margin-right: 5px; color: #a79575;\" src=\"https:\/\/xolovino.com\/wp-content\/uploads\/2018\/10\/WhatsApp-Image-2022-06-01-at-5.50.03-PM-300x203.jpeg\" alt=\"\" width=\"30\" height=\"20\" srcset=\"https:\/\/xolovino.com\/wp-content\/uploads\/2018\/10\/WhatsApp-Image-2022-06-01-at-5.50.03-PM-300x203.jpeg 300w, https:\/\/xolovino.com\/wp-content\/uploads\/2018\/10\/WhatsApp-Image-2022-06-01-at-5.50.03-PM.jpeg 413w\" sizes=\"(max-width: 30px) 100vw, 30px\" \/>DOWNLOAD DATA SHEET<\/a><\/p>","protected":false},"excerpt":{"rendered":"<p style=\"text-align: left;\"><strong>GRAPE<\/strong><br \/>\nSauvignon Blanc<\/p>\n<p><strong>LOCATION<\/strong><br \/>\nValle de Guadalupe &#8211; Ensenada BC, M\u00e9xico<\/p>\n<p style=\"text-align: left;\"><strong>VINTAGE<\/strong><br \/>\n2021<\/p>\n<p style=\"text-align: left;\"><strong>ALCOHOL<\/strong><br \/>\n12.5% ALC. Vol.<\/p>\n<p style=\"text-align: left;\"><strong>TANK<\/strong><br \/>\nStill tank<\/p>\n<p style=\"text-align: left;\"><strong>TEMPERATURE<\/strong><br \/>\n8\u00ba C<\/p>","protected":false},"featured_media":4212,"template":"","meta":{"_acf_changed":false},"product_brand":[],"product_cat":[69],"product_tag":[],"class_list":{"0":"post-2554","1":"product","2":"type-product","3":"status-publish","4":"has-post-thumbnail","6":"product_cat-blanco","8":"first","9":"instock","10":"taxable","11":"shipping-taxable","12":"purchasable","13":"product-type-simple"},"acf":[],"yoast_head":"<!-- This site is optimized with the Yoast SEO plugin v25.9 - https:\/\/yoast.com\/wordpress\/plugins\/seo\/ -->\n<title>XOLO Sauvignon Blanc - Xolo<\/title>\n<meta name=\"robots\" content=\"index, follow, max-snippet:-1, max-image-preview:large, max-video-preview:-1\" \/>\n<link rel=\"canonical\" href=\"https:\/\/xolovino.com\/en\/product\/xolo-sauvignon-blanc\/\" \/>\n<meta property=\"og:locale\" content=\"en_US\" \/>\n<meta property=\"og:type\" content=\"article\" \/>\n<meta property=\"og:title\" content=\"XOLO Sauvignon Blanc - Xolo\" \/>\n<meta property=\"og:description\" content=\"UVA Sauvignon Blanc UBICACI\u00d3N Valle de Guadalupe - Ensenada BC, M\u00e9xico A\u00d1ADA 2021 ALCOHOL 12.5% ALC. Vol. TANQUE Acero inoxidable TEMPERATURA 8\u00ba C\" \/>\n<meta property=\"og:url\" content=\"https:\/\/xolovino.com\/en\/product\/xolo-sauvignon-blanc\/\" \/>\n<meta property=\"og:site_name\" content=\"Xolo\" \/>\n<meta property=\"article:modified_time\" content=\"2025-01-27T17:24:41+00:00\" \/>\n<meta property=\"og:image\" content=\"https:\/\/xolovino.com\/wp-content\/uploads\/2022\/05\/SB-24.png\" \/>\n\t<meta property=\"og:image:width\" content=\"4168\" \/>\n\t<meta property=\"og:image:height\" content=\"4167\" \/>\n\t<meta property=\"og:image:type\" content=\"image\/png\" \/>\n<meta name=\"twitter:card\" content=\"summary_large_image\" \/>\n<meta name=\"twitter:label1\" content=\"Est. reading time\" \/>\n\t<meta name=\"twitter:data1\" content=\"1 minute\" \/>\n<script type=\"application\/ld+json\" class=\"yoast-schema-graph\">{\"@context\":\"https:\/\/schema.org\",\"@graph\":[{\"@type\":\"WebPage\",\"@id\":\"https:\/\/xolovino.com\/product\/xolo-sauvignon-blanc\/\",\"url\":\"https:\/\/xolovino.com\/product\/xolo-sauvignon-blanc\/\",\"name\":\"XOLO Sauvignon Blanc - Xolo\",\"isPartOf\":{\"@id\":\"https:\/\/kbblybpb.elementor.cloud\/#website\"},\"primaryImageOfPage\":{\"@id\":\"https:\/\/xolovino.com\/product\/xolo-sauvignon-blanc\/#primaryimage\"},\"image\":{\"@id\":\"https:\/\/xolovino.com\/product\/xolo-sauvignon-blanc\/#primaryimage\"},\"thumbnailUrl\":\"https:\/\/xolovino.com\/wp-content\/uploads\/2022\/05\/SB-24.png\",\"datePublished\":\"2022-05-31T21:35:59+00:00\",\"dateModified\":\"2025-01-27T17:24:41+00:00\",\"breadcrumb\":{\"@id\":\"https:\/\/xolovino.com\/product\/xolo-sauvignon-blanc\/#breadcrumb\"},\"inLanguage\":\"en-US\",\"potentialAction\":[{\"@type\":\"ReadAction\",\"target\":[\"https:\/\/xolovino.com\/product\/xolo-sauvignon-blanc\/\"]}]},{\"@type\":\"ImageObject\",\"inLanguage\":\"en-US\",\"@id\":\"https:\/\/xolovino.com\/product\/xolo-sauvignon-blanc\/#primaryimage\",\"url\":\"https:\/\/xolovino.com\/wp-content\/uploads\/2022\/05\/SB-24.png\",\"contentUrl\":\"https:\/\/xolovino.com\/wp-content\/uploads\/2022\/05\/SB-24.png\",\"width\":4168,\"height\":4167},{\"@type\":\"BreadcrumbList\",\"@id\":\"https:\/\/xolovino.com\/product\/xolo-sauvignon-blanc\/#breadcrumb\",\"itemListElement\":[{\"@type\":\"ListItem\",\"position\":1,\"name\":\"Portada\",\"item\":\"https:\/\/xolovino.com\/\"},{\"@type\":\"ListItem\",\"position\":2,\"name\":\"Tienda\",\"item\":\"https:\/\/xolovino.com\/tienda\/\"},{\"@type\":\"ListItem\",\"position\":3,\"name\":\"XOLO Sauvignon Blanc\"}]},{\"@type\":\"WebSite\",\"@id\":\"https:\/\/kbblybpb.elementor.cloud\/#website\",\"url\":\"https:\/\/kbblybpb.elementor.cloud\/\",\"name\":\"Xolo\",\"description\":\"\",\"potentialAction\":[{\"@type\":\"SearchAction\",\"target\":{\"@type\":\"EntryPoint\",\"urlTemplate\":\"https:\/\/kbblybpb.elementor.cloud\/?s={search_term_string}\"},\"query-input\":{\"@type\":\"PropertyValueSpecification\",\"valueRequired\":true,\"valueName\":\"search_term_string\"}}],\"inLanguage\":\"en-US\"}]}<\/script>\n<!-- \/ Yoast SEO plugin. -->","yoast_head_json":{"title":"XOLO Sauvignon Blanc - Xolo","robots":{"index":"index","follow":"follow","max-snippet":"max-snippet:-1","max-image-preview":"max-image-preview:large","max-video-preview":"max-video-preview:-1"},"canonical":"https:\/\/xolovino.com\/en\/product\/xolo-sauvignon-blanc\/","og_locale":"en_US","og_type":"article","og_title":"XOLO Sauvignon Blanc - Xolo","og_description":"UVA Sauvignon Blanc UBICACI\u00d3N Valle de Guadalupe - Ensenada BC, M\u00e9xico A\u00d1ADA 2021 ALCOHOL 12.5% ALC. Vol. TANQUE Acero inoxidable TEMPERATURA 8\u00ba C","og_url":"https:\/\/xolovino.com\/en\/product\/xolo-sauvignon-blanc\/","og_site_name":"Xolo","article_modified_time":"2025-01-27T17:24:41+00:00","og_image":[{"width":4168,"height":4167,"url":"https:\/\/xolovino.com\/wp-content\/uploads\/2022\/05\/SB-24.png","type":"image\/png"}],"twitter_card":"summary_large_image","twitter_misc":{"Est. reading time":"1 minute"},"schema":{"@context":"https:\/\/schema.org","@graph":[{"@type":"WebPage","@id":"https:\/\/xolovino.com\/product\/xolo-sauvignon-blanc\/","url":"https:\/\/xolovino.com\/product\/xolo-sauvignon-blanc\/","name":"XOLO Sauvignon Blanc - Xolo","isPartOf":{"@id":"https:\/\/kbblybpb.elementor.cloud\/#website"},"primaryImageOfPage":{"@id":"https:\/\/xolovino.com\/product\/xolo-sauvignon-blanc\/#primaryimage"},"image":{"@id":"https:\/\/xolovino.com\/product\/xolo-sauvignon-blanc\/#primaryimage"},"thumbnailUrl":"https:\/\/xolovino.com\/wp-content\/uploads\/2022\/05\/SB-24.png","datePublished":"2022-05-31T21:35:59+00:00","dateModified":"2025-01-27T17:24:41+00:00","breadcrumb":{"@id":"https:\/\/xolovino.com\/product\/xolo-sauvignon-blanc\/#breadcrumb"},"inLanguage":"en-US","potentialAction":[{"@type":"ReadAction","target":["https:\/\/xolovino.com\/product\/xolo-sauvignon-blanc\/"]}]},{"@type":"ImageObject","inLanguage":"en-US","@id":"https:\/\/xolovino.com\/product\/xolo-sauvignon-blanc\/#primaryimage","url":"https:\/\/xolovino.com\/wp-content\/uploads\/2022\/05\/SB-24.png","contentUrl":"https:\/\/xolovino.com\/wp-content\/uploads\/2022\/05\/SB-24.png","width":4168,"height":4167},{"@type":"BreadcrumbList","@id":"https:\/\/xolovino.com\/product\/xolo-sauvignon-blanc\/#breadcrumb","itemListElement":[{"@type":"ListItem","position":1,"name":"Portada","item":"https:\/\/xolovino.com\/"},{"@type":"ListItem","position":2,"name":"Tienda","item":"https:\/\/xolovino.com\/tienda\/"},{"@type":"ListItem","position":3,"name":"XOLO Sauvignon Blanc"}]},{"@type":"WebSite","@id":"https:\/\/kbblybpb.elementor.cloud\/#website","url":"https:\/\/kbblybpb.elementor.cloud\/","name":"Xolo","description":"","potentialAction":[{"@type":"SearchAction","target":{"@type":"EntryPoint","urlTemplate":"https:\/\/kbblybpb.elementor.cloud\/?s={search_term_string}"},"query-input":{"@type":"PropertyValueSpecification","valueRequired":true,"valueName":"search_term_string"}}],"inLanguage":"en-US"}]}},"_links":{"self":[{"href":"https:\/\/xolovino.com\/en\/wp-json\/wp\/v2\/product\/2554","targetHints":{"allow":["GET"]}}],"collection":[{"href":"https:\/\/xolovino.com\/en\/wp-json\/wp\/v2\/product"}],"about":[{"href":"https:\/\/xolovino.com\/en\/wp-json\/wp\/v2\/types\/product"}],"wp:featuredmedia":[{"embeddable":true,"href":"https:\/\/xolovino.com\/en\/wp-json\/wp\/v2\/media\/4212"}],"wp:attachment":[{"href":"https:\/\/xolovino.com\/en\/wp-json\/wp\/v2\/media?parent=2554"}],"wp:term":[{"taxonomy":"product_brand","embeddable":true,"href":"https:\/\/xolovino.com\/en\/wp-json\/wp\/v2\/product_brand?post=2554"},{"taxonomy":"product_cat","embeddable":true,"href":"https:\/\/xolovino.com\/en\/wp-json\/wp\/v2\/product_cat?post=2554"},{"taxonomy":"product_tag","embeddable":true,"href":"https:\/\/xolovino.com\/en\/wp-json\/wp\/v2\/product_tag?post=2554"}],"curies":[{"name":"wp","href":"https:\/\/api.w.org\/{rel}","templated":true}]}}